{"id":911,"date":"2019-04-29T06:17:27","date_gmt":"2019-04-29T06:17:27","guid":{"rendered":"https:\/\/rentercar.sk\/preco-my\/"},"modified":"2019-04-29T06:22:22","modified_gmt":"2019-04-29T06:22:22","slug":"why-choose-us","status":"publish","type":"page","link":"https:\/\/rentercar.sk\/en\/why-choose-us\/","title":{"rendered":"Why choose us?"},"content":{"rendered":"<p>[vc_row][vc_column][vc_column_text]<\/p>\n<h1 style=\"text-align: center;\">Why choose us?<\/h1>\n<p>[\/vc_column_text][\/vc_column][\/vc_row][vc_row equal_height=&#8221;yes&#8221; content_placement=&#8221;middle&#8221;][vc_column width=&#8221;1\/2&#8243;][vc_single_image image=&#8221;892&#8243; img_size=&#8221;full&#8221;][\/vc_column][vc_column width=&#8221;1\/2&#8243;][vc_column_text]<span style=\"font-size: 22px;\"><strong><span style=\"color: #ff0000; font-size: 18px;\">1.)<\/span><\/strong> Sme autopo\u017ei\u010dov\u0148a <strong>s dlhoro\u010dn\u00fdm<br \/>\n<\/strong><\/span><span style=\"font-size: 22px;\"><span style=\"font-size: 22px;\"><strong>p\u00f4soben\u00edm na trhu<\/strong><\/span><\/span><\/p>\n<p><span style=\"font-size: 22px;\"><strong><span style=\"color: #ff0000; font-size: 18px;\">2.)<\/span><\/strong> U n\u00e1s n\u00e1jdete len <strong>nov\u00e9 a pravidelne<br \/>\nservisovan\u00e9 vozidl\u00e1<\/strong><\/span>[\/vc_column_text][\/vc_column][vc_column width=&#8221;1\/2&#8243;][vc_column_text]<span style=\"font-size: 22px;\"><strong><span style=\"color: #ff0000; font-size: 18px;\">3.)<\/span> Garancia najni\u017e\u0161ej ceny<\/strong> na trhu<\/span><\/p>\n<p><span style=\"font-size: 22px;\"><strong><span style=\"color: #ff0000; font-size: 18px;\">4.)<\/span> Individu\u00e1lny pr\u00edstup<\/strong> k potreb\u00e1m<br \/>\nka\u017ed\u00e9ho klienta<\/span><\/p>\n<p><span style=\"font-size: 22px;\"><strong><span style=\"color: #ff0000; font-size: 18px;\">5.)<\/span> \u017diadn\u00e9 skryt\u00e9 poplatky<\/strong><\/span>[\/vc_column_text][\/vc_column][vc_column width=&#8221;1\/2&#8243;][vc_single_image image=&#8221;894&#8243; img_size=&#8221;full&#8221;][\/vc_column][vc_column width=&#8221;1\/2&#8243;][vc_single_image image=&#8221;896&#8243; img_size=&#8221;full&#8221;][\/vc_column][vc_column width=&#8221;1\/2&#8243;][vc_column_text]<span style=\"font-size: 22px;\"><strong><span style=\"color: #ff0000; font-size: 18px;\">3.)<\/span> <\/strong>Sme v\u00e1m<strong> k dispoz\u00edcii 24\/7<\/strong><\/span><\/p>\n<p><span style=\"font-size: 22px;\"><strong><span style=\"color: #ff0000; font-size: 18px;\">4.)<\/span> V\u00fdrazn\u00e9 z\u013eavy <\/strong>pre st\u00e1lych klientov<\/span><\/p>\n<p><span style=\"font-size: 22px;\"><strong><span style=\"color: #ff0000; font-size: 18px;\">5.)<\/span> Z\u00e1ruka spo\u013eahlivosti a kvality<\/strong><\/span>[\/vc_column_text][\/vc_column][\/vc_row][vc_row][vc_column][vc_column_text]<\/p>\n<p style=\"text-align: center;\"><a class=\"cta-button\" href=\"\/autopark-a-cennik\/\"><strong>ZOBRAZI\u0164 VOZOV\u00dd PARK<\/strong><\/a><\/p>\n<p>[\/vc_column_text][\/vc_column][\/vc_row]<\/p>\n","protected":false},"excerpt":{"rendered":"<p>[vc_row][vc_column][vc_column_text] Why choose us? [\/vc_column_text][\/vc_column][\/vc_row][vc_row equal_height=&#8221;yes&#8221; content_placement=&#8221;middle&#8221;][vc_column width=&#8221;1\/2&#8243;][vc_single_image image=&#8221;892&#8243; img_size=&#8221;full&#8221;][\/vc_column][vc_column width=&#8221;1\/2&#8243;][vc_column_text]1.) Sme autopo\u017ei\u010dov\u0148a s dlhoro\u010dn\u00fdm p\u00f4soben\u00edm na trhu 2.) U n\u00e1s n\u00e1jdete len nov\u00e9 a pravidelne servisovan\u00e9 vozidl\u00e1[\/vc_column_text][\/vc_column][vc_column width=&#8221;1\/2&#8243;][vc_column_text]3.) Garancia najni\u017e\u0161ej ceny na trhu 4.) Individu\u00e1lny pr\u00edstup k potreb\u00e1m ka\u017ed\u00e9ho klienta 5.) \u017diadn\u00e9 skryt\u00e9 poplatky[\/vc_column_text][\/vc_column][vc_column width=&#8221;1\/2&#8243;][vc_single_image image=&#8221;894&#8243; img_size=&#8221;full&#8221;][\/vc_column][vc_column width=&#8221;1\/2&#8243;][vc_single_image image=&#8221;896&#8243; img_size=&#8221;full&#8221;][\/vc_column][vc_column width=&#8221;1\/2&#8243;][vc_column_text]3.) Sme v\u00e1m k&hellip;<\/p>\n","protected":false},"author":2,"featured_media":0,"parent":0,"menu_order":0,"comment_status":"closed","ping_status":"closed","template":"","meta":[],"class_list":["post-911","page","type-page","status-publish","hentry","description-off"],"_links":{"self":[{"href":"https:\/\/rentercar.sk\/en\/wp-json\/wp\/v2\/pages\/911","targetHints":{"allow":["GET"]}}],"collection":[{"href":"https:\/\/rentercar.sk\/en\/wp-json\/wp\/v2\/pages"}],"about":[{"href":"https:\/\/rentercar.sk\/en\/wp-json\/wp\/v2\/types\/page"}],"author":[{"embeddable":true,"href":"https:\/\/rentercar.sk\/en\/wp-json\/wp\/v2\/users\/2"}],"replies":[{"embeddable":true,"href":"https:\/\/rentercar.sk\/en\/wp-json\/wp\/v2\/comments?post=911"}],"version-history":[{"count":2,"href":"https:\/\/rentercar.sk\/en\/wp-json\/wp\/v2\/pages\/911\/revisions"}],"predecessor-version":[{"id":913,"href":"https:\/\/rentercar.sk\/en\/wp-json\/wp\/v2\/pages\/911\/revisions\/913"}],"wp:attachment":[{"href":"https:\/\/rentercar.sk\/en\/wp-json\/wp\/v2\/media?parent=911"}],"curies":[{"name":"wp","href":"https:\/\/api.w.org\/{rel}","templated":true}]}}