{"id":915,"date":"2019-04-29T05:42:22","date_gmt":"2019-04-29T05:42:22","guid":{"rendered":"https:\/\/rentercar.sk\/faq\/"},"modified":"2019-04-29T06:23:35","modified_gmt":"2019-04-29T06:23:35","slug":"faq","status":"publish","type":"page","link":"https:\/\/rentercar.sk\/en\/faq\/","title":{"rendered":"FAQ"},"content":{"rendered":"<p>[vc_row][vc_column][vc_column_text]<\/p>\n<h1 style=\"text-align: center;\">FAQ<\/h1>\n<p>[\/vc_column_text][\/vc_column][\/vc_row][vc_row][vc_column][vc_accordion active_tab=&#8221;1&#8243; collapsible=&#8221;yes&#8221; style=&#8221;2&#8243;][vc_accordion_tab title=&#8221;Ako si m\u00f4\u017eem rezervova\u0165 vozidlo?&#8221;][vc_column_text]Pri rezerv\u00e1ci\u00ed vozidla sta\u010d\u00ed vypni\u0165 rezerva\u010dn\u00fd formul\u00e1r priamo na na\u0161ej webovej \u00a0str\u00e1nke, alebo posla\u0165 rezerv\u00e1ciu e-mailom, pr\u00edpadne telefonicky na <strong>tel.\u010d: <a href=\"tel:+421944747737\">0944 747 737<\/a><\/strong>. N\u00e1sledne V\u00e1m bude Va\u0161a rezerv\u00e1cia potvrden\u00e1 na\u0161im pracovn\u00edkom.[\/vc_column_text][\/vc_accordion_tab][vc_accordion_tab title=&#8221;Kde si m\u00f4\u017eem vyzdvihn\u00fa\u0165 vozidlo?&#8221;][vc_column_text]Vozidlo si m\u00f4\u017eete vyzdvihn\u00fa\u0165 priamo na adrese na\u0161ej autopo\u017ei\u010dov\u0148e RenterCar na ulici Galvaniho 14 v Bratislave.[\/vc_column_text][\/vc_accordion_tab][vc_accordion_tab title=&#8221;Je mo\u017en\u00e9 necha\u0165 si pristavi\u0165 vozidlo na inej adrese?&#8221;][vc_column_text]<strong>\u00c1no<\/strong>, vozidlo V\u00e1m pristav\u00edme na Va\u0161ej adrese za vopred dohodnut\u00fd poplatok.[\/vc_column_text][\/vc_accordion_tab][vc_accordion_tab title=&#8221;\u010co potrebujem pri prevzat\u00ed vozidla?&#8221;][vc_column_text]Pri prevzat\u00ed vozidla je potrebn\u00e9 ma\u0165 pri sebe platn\u00fd vodi\u010dsk\u00fd preukaz (minim\u00e1lny vek vodi\u010da 21rokov), ob\u010diansk\u00fd preukaz, pr\u00edpadne cestovn\u00fd pas. V pr\u00edpade pr\u00e1vnickej osoby je potrebn\u00fd v\u00fdpis z obchodn\u00e9ho registra alebo \u017eivnostensk\u00fd list a dostato\u010dn\u00e9 mno\u017estvo financi\u00ed na vyplatenie n\u00e1jmu vozidla spolu s vratn\u00fdm depozitom.[\/vc_column_text][\/vc_accordion_tab][vc_accordion_tab title=&#8221;Ak\u00fdm sp\u00f4sobom je mo\u017en\u00e9 plati\u0165 za pren\u00e1jom vozidla?&#8221;][vc_column_text]Za pren\u00e1jom vozidla sa plat\u00ed hotovos\u0165ou na za\u010diatku pri preberan\u00ed vozidla. Klient hrad\u00ed \u010diastku za pren\u00e1jom vozidla a vratn\u00fa z\u00e1lohu. Z\u00e1loha sl\u00fa\u017ei ako spolu\u00fa\u010das\u0165 pre pr\u00edpad nehody, alebo in\u00e9ho po\u0161kodenia vozidla sp\u00f4soben\u00e9ho n\u00e1jomcom. Po vr\u00e1ten\u00ed nepo\u0161koden\u00e9ho vozidla je t\u00e1to z\u00e1loha v plnej v\u00fd\u0161ke vr\u00e1ten\u00e1 sp\u00e4\u0165 n\u00e1jomcovi vozidla.[\/vc_column_text][\/vc_accordion_tab][vc_accordion_tab title=&#8221;Je mo\u017en\u00e9 vycestova\u0165 s vozidlom do zahrani\u010dia?&#8221;][vc_column_text]\u00c1no, av\u0161ak pri ceste do zahrani\u010dia je n\u00e1jomca povinn\u00fd o tejto skuto\u010dnosti vopred obozn\u00e1mi\u0165 prenaj\u00edmate\u013ea a krajiny musia by\u0165 zaznamenan\u00e9 v n\u00e1jomnej zmluve. S vozidlom je mo\u017en\u00e9 po p\u00edsomnom s\u00fahlase prenaj\u00edmate\u013ea cestova\u0165 po celej Eur\u00f3pskej \u00fanii, mimo kraj\u00edn: Ukrajina, Litva, Bielorusko, Srbsko, Bosna, Bulharsko, Rumunsko, Alb\u00e1nsko.[\/vc_column_text][\/vc_accordion_tab][vc_accordion_tab title=&#8221;Maj\u00fa vozidl\u00e1 obmedzen\u00fd po\u010det kilometrov?&#8221;][vc_column_text]V\u0161etky vozidl\u00e1 pri kr\u00e1tkodobom pren\u00e1jme 1 a\u017e 3 dni, alebo pri ceste do zahrani\u010dia maj\u00fa \u0161tandartne limit kilometrov 300 km\/de\u0148. Pri pren\u00e1jme vozidla prevy\u0161uj\u00facom 3 dni je po\u010det kilometrov neobmedzen\u00fd. V pr\u00edpade dlhodob\u00e9ho pren\u00e1jmu je po\u010det kilometrov limitovan\u00fd na 5 000 km\/mesiac, pr\u00edpadne po vz\u00e1jomnej dohode je mo\u017en\u00e9 limit kilometrov upravi\u0165.[\/vc_column_text][\/vc_accordion_tab][vc_accordion_tab title=&#8221;D\u00e1 sa vozidla prenaja\u0165 mimo otv\u00e1rac\u00edch hod\u00edn?&#8221;][vc_column_text]\u00c1no, vozidlo je mo\u017en\u00e9 si prenaja\u0165 aj mimo pracovn\u00fdch hod\u00edn po vz\u00e1jomn\u00e9j dohode s prenaj\u00edmate\u013eom.[\/vc_column_text][\/vc_accordion_tab][vc_accordion_tab title=&#8221;Je mo\u017en\u00e9 pred\u013a\u017eenie u\u017e za\u010dat\u00e9ho n\u00e1jmu?&#8221;][vc_column_text]\u00c1no, po vz\u00e1jomnej dohode s prenaj\u00edmate\u013eom je mo\u017en\u00e9 pred\u013a\u017eenie n\u00e1jmu vozidla.[\/vc_column_text][\/vc_accordion_tab][vc_accordion_tab title=&#8221;Dostanem u\u017e natankovan\u00e9 vozidlo?&#8221;][vc_column_text]\u00c1no, vozidlo dostanete s plnou n\u00e1dr\u017eou a taktie\u017e je potrebn\u00e9 ho s plnou n\u00e1dr\u017eou vr\u00e1ti\u0165.[\/vc_column_text][\/vc_accordion_tab][vc_accordion_tab title=&#8221;Ako s\u00fa vozidla poisten\u00e9?&#8221;][vc_column_text]V\u0161etky vozidl\u00e1 s\u00fa z\u00e1konne aj havar\u00edjne poisten\u00e9 v r\u00e1mci celej Eur\u00f3pskej \u00danie.<\/p>\n<p>Spolu\u00fa\u010das\u0165 za \u0161kody na vypo\u017ei\u010danom vozidle hrad\u00ed n\u00e1jomca vo v\u00fd\u0161ke 10% zo vzniknutej \u0161kody, av\u0161ak minim\u00e1lne 200 \u20ac.[\/vc_column_text][\/vc_accordion_tab][vc_accordion_tab title=&#8221;\u010co m\u00e1m robi\u0165 ak d\u00f4jde k dopravnej nehode?&#8221;][vc_column_text]V pr\u00edpade dopravnej nehody je potrebn\u00e9 kontaktova\u0165 na\u0161u <strong>spolo\u010dnos\u0165 na NON-STOP linke: <a href=\"tel:+421944747737\">0944 747 737<\/a><\/strong>, kde V\u00e1m n\u00e1\u0161 pracovn\u00edk d\u00f4kladne vysvetl\u00ed ako postupova\u0165.[\/vc_column_text][\/vc_accordion_tab][\/vc_accordion][\/vc_column][\/vc_row]<\/p>\n","protected":false},"excerpt":{"rendered":"<p>[vc_row][vc_column][vc_column_text] FAQ [\/vc_column_text][\/vc_column][\/vc_row][vc_row][vc_column][vc_accordion active_tab=&#8221;1&#8243; collapsible=&#8221;yes&#8221; style=&#8221;2&#8243;][vc_accordion_tab title=&#8221;Ako si m\u00f4\u017eem rezervova\u0165 vozidlo?&#8221;][vc_column_text]Pri rezerv\u00e1ci\u00ed vozidla sta\u010d\u00ed vypni\u0165 rezerva\u010dn\u00fd formul\u00e1r priamo na na\u0161ej webovej \u00a0str\u00e1nke, alebo posla\u0165 rezerv\u00e1ciu e-mailom, pr\u00edpadne telefonicky na tel.\u010d: 0944 747 737. N\u00e1sledne V\u00e1m bude Va\u0161a rezerv\u00e1cia potvrden\u00e1 na\u0161im pracovn\u00edkom.[\/vc_column_text][\/vc_accordion_tab][vc_accordion_tab title=&#8221;Kde si m\u00f4\u017eem vyzdvihn\u00fa\u0165 vozidlo?&#8221;][vc_column_text]Vozidlo si m\u00f4\u017eete vyzdvihn\u00fa\u0165 priamo na adrese na\u0161ej autopo\u017ei\u010dov\u0148e RenterCar&hellip;<\/p>\n","protected":false},"author":2,"featured_media":0,"parent":0,"menu_order":0,"comment_status":"closed","ping_status":"closed","template":"","meta":[],"class_list":["post-915","page","type-page","status-publish","hentry","description-off"],"_links":{"self":[{"href":"https:\/\/rentercar.sk\/en\/wp-json\/wp\/v2\/pages\/915","targetHints":{"allow":["GET"]}}],"collection":[{"href":"https:\/\/rentercar.sk\/en\/wp-json\/wp\/v2\/pages"}],"about":[{"href":"https:\/\/rentercar.sk\/en\/wp-json\/wp\/v2\/types\/page"}],"author":[{"embeddable":true,"href":"https:\/\/rentercar.sk\/en\/wp-json\/wp\/v2\/users\/2"}],"replies":[{"embeddable":true,"href":"https:\/\/rentercar.sk\/en\/wp-json\/wp\/v2\/comments?post=915"}],"version-history":[{"count":2,"href":"https:\/\/rentercar.sk\/en\/wp-json\/wp\/v2\/pages\/915\/revisions"}],"predecessor-version":[{"id":917,"href":"https:\/\/rentercar.sk\/en\/wp-json\/wp\/v2\/pages\/915\/revisions\/917"}],"wp:attachment":[{"href":"https:\/\/rentercar.sk\/en\/wp-json\/wp\/v2\/media?parent=915"}],"curies":[{"name":"wp","href":"https:\/\/api.w.org\/{rel}","templated":true}]}}